{"id":1735,"date":"2021-05-06T18:11:43","date_gmt":"2021-05-06T16:11:43","guid":{"rendered":"https:\/\/www.tuni.fi\/oasis\/?page_id=1735"},"modified":"2021-05-06T18:11:43","modified_gmt":"2021-05-06T16:11:43","slug":"saavutettavuusseloste","status":"publish","type":"page","link":"https:\/\/www.tuni.fi\/oasis\/saavutettavuusseloste\/","title":{"rendered":"Saavutettavuusseloste"},"content":{"rendered":"<p>&nbsp;<\/p>\n<p><!-- Kehoitamme muuttamaan tyylej\u00e4 muuhun sivustoon sopivaksi. --><\/p>\n<style type=\"text\/css\">\n        body {<br \/>\n            font-family: sans-serif;<br \/>\n        }<\/p>\n<p>        .row {<br \/>\n            margin: 25px 0;<br \/>\n        }<\/p>\n<p>        .row .deficiency-section {<br \/>\n            margin: 15px;<br \/>\n        }<\/p>\n<p>        h1,<br \/>\n        h2,<br \/>\n        h3,<br \/>\n        h4,<br \/>\n        h5,<br \/>\n        h6 {<br \/>\n            margin: 10px 0 5px;<br \/>\n        }<\/p>\n<p>        .statement__section {<br \/>\n            margin-bottom: 4em;<br \/>\n        }<\/p>\n<p>        .statement__inaccessible {<br \/>\n            margin-bottom: 2em;<br \/>\n        }<\/p>\n<p>        .flaws {<br \/>\n            padding-left: 0;<br \/>\n        }<\/p>\n<p>        .flaw {<br \/>\n            margin-bottom: 1em;<br \/>\n            list-style: none;<br \/>\n            background-color: #f0f0f0;<br \/>\n            padding: 0.5em;<br \/>\n        }<\/p>\n<p>        .flaw__title {}<\/p>\n<p>        .flaw__subtitle {}<\/p>\n<p>        .flaw p {<br \/>\n            margin-bottom: 1em;<br \/>\n        }<\/p>\n<p>        .flaw ul {<br \/>\n            margin-bottom: 1em;<br \/>\n        }<\/p>\n<p>        .flaw__wcag li {<br \/>\n            margin: 0;<br \/>\n        }<br \/>\n    <\/style>\n<p>&nbsp;<\/p>\n<p>&nbsp;<\/p>\n<article>\n<header>\n<h1>Tervetuloa, t\u00e4m\u00e4 on organisaation Tampereen yliopisto saavutettavuusseloste<\/h1>\n<\/header>\n<section class=\"statement__section\">T\u00e4m\u00e4 saavutettavuusseloste koskee palvelua https:\/\/www.tuni.fi\/oasis\/ ja on laadittu \/ p\u00e4ivitetty 06.05.2021. Palvelua koskee laki digitaalisten palvelujen tarjoamisesta, jossa edellytet\u00e4\u00e4n, ett\u00e4 julkisten verkkopalvelujen on oltava saavutettavia.<\/p>\n<p>Olemme arvioineet palvelun saavutettavuuden itse<\/p>\n<\/section>\n<section class=\"statement__section\">\n<h2>Digipalvelun saavutettavuuden tila<\/h2>\n<p>T\u00e4ytt\u00e4\u00e4 saavutettavuusvaatimukset osittain.<\/p>\n<\/section>\n<h2>Ei-saavutettava sis\u00e4lt\u00f6<\/h2>\n<section class=\"statement__section\">\n<section class=\"statement__inaccessible\">\n<h3>3. Verkkosivusto ei ole viel\u00e4 kaikilta osin vaatimusten mukainen<\/h3>\n<ul class=\"flaws\">\n<li class=\"flaw\">\n<h4 class=\"flaw__title\">Havaittava: Puuttuvat vaihtoehtoiset tekstit<\/h4>\n<h5 class=\"flaw__subtitle\">Saavuttamaton sis\u00e4lt\u00f6 ja sen puutteet<\/h5>\n<p>Osasta sivuston kuvista puuttuvat vaihtoehtoiset tekstit.<\/p>\n<h5>Saavutettavuusvaatimukset jotka eiv\u00e4t t\u00e4yty<\/h5>\n<ul class=\"flaw__wcag\">\n<li>1.1.1 Ei-tekstuaalinen sis\u00e4lt\u00f6<\/li>\n<\/ul>\n<\/li>\n<li class=\"flaw\">\n<h4 class=\"flaw__title\">Havaittava: Linkkitekstien kontrasti<\/h4>\n<h5 class=\"flaw__subtitle\">Saavuttamaton sis\u00e4lt\u00f6 ja sen puutteet<\/h5>\n<p>Osa linkkitekstien kontrasteista on liian pieni\u00e4<\/p>\n<h5>Saavutettavuusvaatimukset jotka eiv\u00e4t t\u00e4yty<\/h5>\n<ul class=\"flaw__wcag\">\n<li>1.4.3 Kontrasti (minimi)<\/li>\n<\/ul>\n<\/li>\n<\/ul>\n<\/section>\n<\/section>\n<section class=\"statement__section\">\n<h2>Huomasitko saavutettavuuspuutteen digipalvelussamme? Kerro se meille ja teemme parhaamme puutteen korjaamiseksi<\/h2>\n<h3>S\u00e4hk\u00f6postilla<\/h3>\n<p>elisa.wiik@tuni.fi<\/p>\n<\/section>\n<section class=\"statement__section\">\n<h2>Valvontaviranomainen<\/h2>\n<p>Jos huomaat sivustolla saavutettavuusongelmia, anna ensin palautetta meille eli sivuston yll\u00e4pit\u00e4j\u00e4lle. Vastauksessa voi menn\u00e4 14 p\u00e4iv\u00e4\u00e4. Jos et ole tyytyv\u00e4inen saamaasi vastaukseen tai et saa vastausta lainkaan kahden viikon aikana, <a href=\"https:\/\/www.saavutettavuusvaatimukset.fi\/oikeutesi\/\" target=\"_blank\" rel=\"noopener\">voit tehd\u00e4 ilmoituksen Etel\u00e4-Suomen aluehallintovirastoon <span class=\"screen-reader-text\">Avautuu uuteen ikkunaan<\/span><\/a>. Etel\u00e4-Suomen aluehallintoviraston sivulla kerrotaan tarkasti, miten ilmoituksen voi tehd\u00e4 ja miten asia k\u00e4sitell\u00e4\u00e4n.<\/p>\n<h2>Valvontaviranomaisen yhteystiedot<\/h2>\n<p>Etel\u00e4-Suomen aluehallintovirasto<br \/>\nSaavutettavuuden valvonnan yksikk\u00f6<br \/>\nwww.saavutettavuusvaatimukset.fi<br \/>\nsaavutettavuus(at)avi.fi<br \/>\npuhelinnumero vaihde 0295 016 000<\/p>\n<\/section>\n<\/article>\n<p>&nbsp;<\/p>\n<p>&nbsp;<\/p>\n","protected":false},"excerpt":{"rendered":"<p>&nbsp; &nbsp; &nbsp; Tervetuloa, t\u00e4m\u00e4 on organisaation Tampereen yliopisto saavutettavuusseloste T\u00e4m\u00e4 saavutettavuusseloste koskee palvelua https:\/\/www.tuni.fi\/oasis\/ ja on laadittu \/ p\u00e4ivitetty 06.05.2021. Palvelua [&hellip;]<\/p>\n","protected":false},"author":20,"featured_media":0,"parent":0,"menu_order":0,"comment_status":"closed","ping_status":"closed","template":"page-templates\/page_fullwidth.php","meta":{"footnotes":""},"class_list":["post-1735","page","type-page","status-publish","hentry"],"yoast_head":"<!-- This site is optimized with the Yoast SEO plugin v27.4 - https:\/\/yoast.com\/product\/yoast-seo-wordpress\/ -->\n<title>Saavutettavuusseloste &#8226; OASIS<\/title>\n<meta name=\"robots\" content=\"index, follow, max-snippet:-1, max-image-preview:large, max-video-preview:-1\" \/>\n<link rel=\"canonical\" href=\"https:\/\/www.tuni.fi\/oasis\/saavutettavuusseloste\/\" \/>\n<meta property=\"og:locale\" content=\"en_GB\" \/>\n<meta property=\"og:type\" content=\"article\" \/>\n<meta property=\"og:title\" content=\"Saavutettavuusseloste &#8226; OASIS\" \/>\n<meta property=\"og:description\" content=\"&nbsp; &nbsp; &nbsp; Tervetuloa, t\u00e4m\u00e4 on organisaation Tampereen yliopisto saavutettavuusseloste T\u00e4m\u00e4 saavutettavuusseloste koskee palvelua https:\/\/www.tuni.fi\/oasis\/ ja on laadittu \/ p\u00e4ivitetty 06.05.2021. Palvelua [&hellip;]\" \/>\n<meta property=\"og:url\" content=\"https:\/\/www.tuni.fi\/oasis\/saavutettavuusseloste\/\" \/>\n<meta property=\"og:site_name\" content=\"OASIS\" \/>\n<meta property=\"article:publisher\" content=\"https:\/\/www.facebook.com\/oasistuni\" \/>\n<meta name=\"twitter:card\" content=\"summary_large_image\" \/>\n<meta name=\"twitter:site\" content=\"@oasis_tuni\" \/>\n<meta name=\"twitter:label1\" content=\"Estimated reading time\" \/>\n\t<meta name=\"twitter:data1\" content=\"1 minute\" \/>\n<script type=\"application\/ld+json\" class=\"yoast-schema-graph\">{\"@context\":\"https:\\\/\\\/schema.org\",\"@graph\":[{\"@type\":\"WebPage\",\"@id\":\"https:\\\/\\\/www.tuni.fi\\\/oasis\\\/saavutettavuusseloste\\\/\",\"url\":\"https:\\\/\\\/www.tuni.fi\\\/oasis\\\/saavutettavuusseloste\\\/\",\"name\":\"Saavutettavuusseloste &#8226; OASIS\",\"isPartOf\":{\"@id\":\"https:\\\/\\\/www.tuni.fi\\\/oasis\\\/#website\"},\"datePublished\":\"2021-05-06T16:11:43+00:00\",\"breadcrumb\":{\"@id\":\"https:\\\/\\\/www.tuni.fi\\\/oasis\\\/saavutettavuusseloste\\\/#breadcrumb\"},\"inLanguage\":\"en-GB\",\"potentialAction\":[{\"@type\":\"ReadAction\",\"target\":[\"https:\\\/\\\/www.tuni.fi\\\/oasis\\\/saavutettavuusseloste\\\/\"]}]},{\"@type\":\"BreadcrumbList\",\"@id\":\"https:\\\/\\\/www.tuni.fi\\\/oasis\\\/saavutettavuusseloste\\\/#breadcrumb\",\"itemListElement\":[{\"@type\":\"ListItem\",\"position\":1,\"name\":\"Home\",\"item\":\"https:\\\/\\\/www.tuni.fi\\\/oasis\\\/\"},{\"@type\":\"ListItem\",\"position\":2,\"name\":\"Saavutettavuusseloste\"}]},{\"@type\":\"WebSite\",\"@id\":\"https:\\\/\\\/www.tuni.fi\\\/oasis\\\/#website\",\"url\":\"https:\\\/\\\/www.tuni.fi\\\/oasis\\\/\",\"name\":\"OASIS at Tampere University\",\"description\":\"Rainbows, unicorns &amp; hoverboards\",\"publisher\":{\"@id\":\"https:\\\/\\\/www.tuni.fi\\\/oasis\\\/#organization\"},\"potentialAction\":[{\"@type\":\"SearchAction\",\"target\":{\"@type\":\"EntryPoint\",\"urlTemplate\":\"https:\\\/\\\/www.tuni.fi\\\/oasis\\\/?s={search_term_string}\"},\"query-input\":{\"@type\":\"PropertyValueSpecification\",\"valueRequired\":true,\"valueName\":\"search_term_string\"}}],\"inLanguage\":\"en-GB\"},{\"@type\":\"Organization\",\"@id\":\"https:\\\/\\\/www.tuni.fi\\\/oasis\\\/#organization\",\"name\":\"OASIS at the Tampere University\",\"url\":\"https:\\\/\\\/www.tuni.fi\\\/oasis\\\/\",\"logo\":{\"@type\":\"ImageObject\",\"inLanguage\":\"en-GB\",\"@id\":\"https:\\\/\\\/www.tuni.fi\\\/oasis\\\/#\\\/schema\\\/logo\\\/image\\\/\",\"url\":\"https:\\\/\\\/www.tuni.fi\\\/oasis\\\/wordpress\\\/wp-content\\\/uploads\\\/2015\\\/08\\\/cropped-oasis-logo.png\",\"contentUrl\":\"https:\\\/\\\/www.tuni.fi\\\/oasis\\\/wordpress\\\/wp-content\\\/uploads\\\/2015\\\/08\\\/cropped-oasis-logo.png\",\"width\":512,\"height\":512,\"caption\":\"OASIS at the Tampere University\"},\"image\":{\"@id\":\"https:\\\/\\\/www.tuni.fi\\\/oasis\\\/#\\\/schema\\\/logo\\\/image\\\/\"},\"sameAs\":[\"https:\\\/\\\/www.facebook.com\\\/oasistuni\",\"https:\\\/\\\/x.com\\\/oasis_tuni\",\"https:\\\/\\\/www.instagram.com\\\/oasis_tuni\\\/\",\"https:\\\/\\\/www.youtube.com\\\/channel\\\/UCEKh_edel11DI8_u5I7U-fA\"]}]}<\/script>\n<!-- \/ Yoast SEO plugin. -->","yoast_head_json":{"title":"Saavutettavuusseloste &#8226; OASIS","robots":{"index":"index","follow":"follow","max-snippet":"max-snippet:-1","max-image-preview":"max-image-preview:large","max-video-preview":"max-video-preview:-1"},"canonical":"https:\/\/www.tuni.fi\/oasis\/saavutettavuusseloste\/","og_locale":"en_GB","og_type":"article","og_title":"Saavutettavuusseloste &#8226; OASIS","og_description":"&nbsp; &nbsp; &nbsp; Tervetuloa, t\u00e4m\u00e4 on organisaation Tampereen yliopisto saavutettavuusseloste T\u00e4m\u00e4 saavutettavuusseloste koskee palvelua https:\/\/www.tuni.fi\/oasis\/ ja on laadittu \/ p\u00e4ivitetty 06.05.2021. Palvelua [&hellip;]","og_url":"https:\/\/www.tuni.fi\/oasis\/saavutettavuusseloste\/","og_site_name":"OASIS","article_publisher":"https:\/\/www.facebook.com\/oasistuni","twitter_card":"summary_large_image","twitter_site":"@oasis_tuni","twitter_misc":{"Estimated reading time":"1 minute"},"schema":{"@context":"https:\/\/schema.org","@graph":[{"@type":"WebPage","@id":"https:\/\/www.tuni.fi\/oasis\/saavutettavuusseloste\/","url":"https:\/\/www.tuni.fi\/oasis\/saavutettavuusseloste\/","name":"Saavutettavuusseloste &#8226; OASIS","isPartOf":{"@id":"https:\/\/www.tuni.fi\/oasis\/#website"},"datePublished":"2021-05-06T16:11:43+00:00","breadcrumb":{"@id":"https:\/\/www.tuni.fi\/oasis\/saavutettavuusseloste\/#breadcrumb"},"inLanguage":"en-GB","potentialAction":[{"@type":"ReadAction","target":["https:\/\/www.tuni.fi\/oasis\/saavutettavuusseloste\/"]}]},{"@type":"BreadcrumbList","@id":"https:\/\/www.tuni.fi\/oasis\/saavutettavuusseloste\/#breadcrumb","itemListElement":[{"@type":"ListItem","position":1,"name":"Home","item":"https:\/\/www.tuni.fi\/oasis\/"},{"@type":"ListItem","position":2,"name":"Saavutettavuusseloste"}]},{"@type":"WebSite","@id":"https:\/\/www.tuni.fi\/oasis\/#website","url":"https:\/\/www.tuni.fi\/oasis\/","name":"OASIS at Tampere University","description":"Rainbows, unicorns &amp; hoverboards","publisher":{"@id":"https:\/\/www.tuni.fi\/oasis\/#organization"},"potentialAction":[{"@type":"SearchAction","target":{"@type":"EntryPoint","urlTemplate":"https:\/\/www.tuni.fi\/oasis\/?s={search_term_string}"},"query-input":{"@type":"PropertyValueSpecification","valueRequired":true,"valueName":"search_term_string"}}],"inLanguage":"en-GB"},{"@type":"Organization","@id":"https:\/\/www.tuni.fi\/oasis\/#organization","name":"OASIS at the Tampere University","url":"https:\/\/www.tuni.fi\/oasis\/","logo":{"@type":"ImageObject","inLanguage":"en-GB","@id":"https:\/\/www.tuni.fi\/oasis\/#\/schema\/logo\/image\/","url":"https:\/\/www.tuni.fi\/oasis\/wordpress\/wp-content\/uploads\/2015\/08\/cropped-oasis-logo.png","contentUrl":"https:\/\/www.tuni.fi\/oasis\/wordpress\/wp-content\/uploads\/2015\/08\/cropped-oasis-logo.png","width":512,"height":512,"caption":"OASIS at the Tampere University"},"image":{"@id":"https:\/\/www.tuni.fi\/oasis\/#\/schema\/logo\/image\/"},"sameAs":["https:\/\/www.facebook.com\/oasistuni","https:\/\/x.com\/oasis_tuni","https:\/\/www.instagram.com\/oasis_tuni\/","https:\/\/www.youtube.com\/channel\/UCEKh_edel11DI8_u5I7U-fA"]}]}},"_links":{"self":[{"href":"https:\/\/www.tuni.fi\/oasis\/wp-json\/wp\/v2\/pages\/1735","targetHints":{"allow":["GET"]}}],"collection":[{"href":"https:\/\/www.tuni.fi\/oasis\/wp-json\/wp\/v2\/pages"}],"about":[{"href":"https:\/\/www.tuni.fi\/oasis\/wp-json\/wp\/v2\/types\/page"}],"author":[{"embeddable":true,"href":"https:\/\/www.tuni.fi\/oasis\/wp-json\/wp\/v2\/users\/20"}],"replies":[{"embeddable":true,"href":"https:\/\/www.tuni.fi\/oasis\/wp-json\/wp\/v2\/comments?post=1735"}],"version-history":[{"count":2,"href":"https:\/\/www.tuni.fi\/oasis\/wp-json\/wp\/v2\/pages\/1735\/revisions"}],"predecessor-version":[{"id":1741,"href":"https:\/\/www.tuni.fi\/oasis\/wp-json\/wp\/v2\/pages\/1735\/revisions\/1741"}],"wp:attachment":[{"href":"https:\/\/www.tuni.fi\/oasis\/wp-json\/wp\/v2\/media?parent=1735"}],"curies":[{"name":"wp","href":"https:\/\/api.w.org\/{rel}","templated":true}]}}