{"id":8709,"date":"2021-03-26T10:13:37","date_gmt":"2021-03-26T08:13:37","guid":{"rendered":"https:\/\/www.tuni.fi\/norssi\/?page_id=8709"},"modified":"2021-05-21T15:37:40","modified_gmt":"2021-05-21T12:37:40","slug":"pakopeli-1","status":"publish","type":"page","link":"https:\/\/www.tuni.fi\/norssi\/kaksio56\/pakopeli-1\/","title":{"rendered":"Escape Room &#8211; arjen matematiikkaa"},"content":{"rendered":"\n<style type=\"text\/css\" data-created_by=\"avia_inline_auto\" id=\"style-css-av-27dawov-b58c8edcd42dacadaa667e093efbca7f\">\n#top .hr.hr-invisible.av-27dawov-b58c8edcd42dacadaa667e093efbca7f{\nheight:20px;\n}\n<\/style>\n<div  class='hr av-27dawov-b58c8edcd42dacadaa667e093efbca7f hr-invisible  avia-builder-el-0  el_before_av_one_half  avia-builder-el-first  av-small-hide av-mini-hide'><span class='hr-inner '><span class=\"hr-inner-style\"><\/span><\/span><\/div>\n<div class='flex_column_table av-25j0ahb-542a0ec0f61d90a8e7f5f97b0e26005f sc-av_one_half av-equal-height-column-flextable'>\n<style type=\"text\/css\" data-created_by=\"avia_inline_auto\" id=\"style-css-av-25j0ahb-542a0ec0f61d90a8e7f5f97b0e26005f\">\n#top .flex_column_table.av-equal-height-column-flextable.av-25j0ahb-542a0ec0f61d90a8e7f5f97b0e26005f{\nmargin-top:-25px;\nmargin-bottom:0px;\n}\n.flex_column.av-25j0ahb-542a0ec0f61d90a8e7f5f97b0e26005f{\nborder-radius:0px 0px 0px 0px;\npadding:0px 0px 0px 0px;\n}\n<\/style>\n<div  class='flex_column av-25j0ahb-542a0ec0f61d90a8e7f5f97b0e26005f av_one_half  avia-builder-el-1  el_after_av_hr  el_before_av_one_fourth  first no_margin flex_column_table_cell av-equal-height-column av-align-top av-zero-column-padding  '     ><div  class='avia-slideshow av-22r340v-cb10c6481fe8070bd45ff6fa4768f81a avia-slideshow-no scaling av_slideshow avia-slide-slider  avia-builder-el-2  avia-builder-el-no-sibling  av-slideshow-ui av-control-default av-slideshow-manual av-loop-once av-loop-manual-endless av-default-height-applied avia-slideshow-1' data-slideshow-options=\"{&quot;animation&quot;:&quot;slide&quot;,&quot;autoplay&quot;:false,&quot;loop_autoplay&quot;:&quot;once&quot;,&quot;interval&quot;:5,&quot;loop_manual&quot;:&quot;manual-endless&quot;,&quot;autoplay_stopper&quot;:false,&quot;noNavigation&quot;:false,&quot;bg_slider&quot;:false,&quot;keep_padding&quot;:false,&quot;hoverpause&quot;:false,&quot;show_slide_delay&quot;:0}\"  itemprop=\"image\" itemscope=\"itemscope\" itemtype=\"https:\/\/schema.org\/ImageObject\" ><ul class='avia-slideshow-inner ' style='padding-bottom: 50%;'><li  class='avia-slideshow-slide av-22r340v-cb10c6481fe8070bd45ff6fa4768f81a__0  av-single-slide slide-1 slide-odd'><div data-rel='slideshow-1' class='avia-slide-wrap '   ><img decoding=\"async\" fetchpriority=\"high\" class=\"wp-image-1841 avia-img-lazy-loading-not-1841\"  src=\"https:\/\/www.tuni.fi\/norssi\/wp-content\/uploads\/kaksio56-17a.png\" width=\"1000\" height=\"500\" title='Tampereen Norssi - KAKS10 56' alt='Kuvassa on n\u00e4kym\u00e4 Kaksio-oppimisymp\u00e4rist\u00f6st\u00e4 ja sen katsomosta.'  itemprop=\"thumbnailUrl\" srcset=\"https:\/\/www.tuni.fi\/norssi\/wp-content\/uploads\/kaksio56-17a.png 1000w, https:\/\/www.tuni.fi\/norssi\/wp-content\/uploads\/kaksio56-17a-500x250.png 500w, https:\/\/www.tuni.fi\/norssi\/wp-content\/uploads\/kaksio56-17a-768x384.png 768w, https:\/\/www.tuni.fi\/norssi\/wp-content\/uploads\/kaksio56-17a-705x353.png 705w, https:\/\/www.tuni.fi\/norssi\/wp-content\/uploads\/kaksio56-17a-450x225.png 450w\" sizes=\"(max-width: 1000px) 100vw, 1000px\" \/><\/div><\/li><\/ul><\/div><\/div>\n\n<style type=\"text\/css\" data-created_by=\"avia_inline_auto\" id=\"style-css-av-20nwpgv-c1362b908d8dcf1ebfe140fb33107ccb\">\n#top .flex_column_table.av-equal-height-column-flextable.av-20nwpgv-c1362b908d8dcf1ebfe140fb33107ccb{\nmargin-top:-25px;\nmargin-bottom:0px;\n}\n.flex_column.av-20nwpgv-c1362b908d8dcf1ebfe140fb33107ccb{\nborder-radius:0px 0px 0px 0px;\npadding:0px 0px 0px 0px;\n}\n<\/style>\n<div  class='flex_column av-20nwpgv-c1362b908d8dcf1ebfe140fb33107ccb av_one_fourth  avia-builder-el-3  el_after_av_one_half  el_before_av_one_fourth  no_margin flex_column_table_cell av-equal-height-column av-align-top av-hide-on-mobile av-zero-column-padding  '     ><style type=\"text\/css\" data-created_by=\"avia_inline_auto\" id=\"style-css-av-1xq94gf-a13c3d7a90487a7af25faf36a108bc54\">\n.avia-image-container.av-1xq94gf-a13c3d7a90487a7af25faf36a108bc54 img.avia_image{\nbox-shadow:none;\n}\n.avia-image-container.av-1xq94gf-a13c3d7a90487a7af25faf36a108bc54 .av-caption-image-overlay-bg{\nopacity:0.4;\n}\n.avia-image-container.av-1xq94gf-a13c3d7a90487a7af25faf36a108bc54 .av-image-caption-overlay-center{\ncolor:#ffffff;\nfont-size:15px;\n}\n<\/style>\n<div  class='avia-image-container av-1xq94gf-a13c3d7a90487a7af25faf36a108bc54 av-styling- av-hover-grow avia-align-center  avia-builder-el-4  avia-builder-el-no-sibling  noHover av-overlay-hover-deactivate'   itemprop=\"image\" itemscope=\"itemscope\" itemtype=\"https:\/\/schema.org\/ImageObject\" ><div class=\"avia-image-container-inner\"><div class=\"avia-image-overlay-wrap\"><div class=\"av-image-caption-overlay\"><div class=\"av-caption-image-overlay-bg\"><\/div><div class=\"av-image-caption-overlay-position\"><div class=\"av-image-caption-overlay-center\"><p>KAKS10 56 &#8211; oppimisymp\u00e4rist\u00f6- ja pariopettajuusmalli Tampereen Norssissa lukuvuodesta 2017-2018 alkaen.<\/p>\n<\/div><\/div><\/div><img decoding=\"async\" fetchpriority=\"high\" class='wp-image-379 avia-img-lazy-loading-not-379 avia_image ' src=\"https:\/\/www.tuni.fi\/norssi\/wp-content\/uploads\/grafiikat\/or-500.jpg\" alt='Punainen tausta' title='Punainen tausta'  height=\"500\" width=\"500\"  itemprop=\"thumbnailUrl\" srcset=\"https:\/\/www.tuni.fi\/norssi\/wp-content\/uploads\/grafiikat\/or-500.jpg 500w, https:\/\/www.tuni.fi\/norssi\/wp-content\/uploads\/grafiikat\/or-500-100x100.jpg 100w, https:\/\/www.tuni.fi\/norssi\/wp-content\/uploads\/grafiikat\/or-500-36x36.jpg 36w, https:\/\/www.tuni.fi\/norssi\/wp-content\/uploads\/grafiikat\/or-500-180x180.jpg 180w, https:\/\/www.tuni.fi\/norssi\/wp-content\/uploads\/grafiikat\/or-500-120x120.jpg 120w, https:\/\/www.tuni.fi\/norssi\/wp-content\/uploads\/grafiikat\/or-500-450x450.jpg 450w\" sizes=\"(max-width: 500px) 100vw, 500px\" \/><\/div><\/div><\/div><\/div>\n\n<style type=\"text\/css\" data-created_by=\"avia_inline_auto\" id=\"style-css-av-1wz043j-d669676fa4b6e43dcd59642e168092e7\">\n#top .flex_column_table.av-equal-height-column-flextable.av-1wz043j-d669676fa4b6e43dcd59642e168092e7{\nmargin-top:-25px;\nmargin-bottom:0px;\n}\n.flex_column.av-1wz043j-d669676fa4b6e43dcd59642e168092e7{\nborder-radius:0px 0px 0px 0px;\npadding:0px 0px 0px 0px;\n}\n<\/style>\n<div  class='flex_column av-1wz043j-d669676fa4b6e43dcd59642e168092e7 av_one_fourth  avia-builder-el-5  el_after_av_one_fourth  el_before_av_one_full  no_margin flex_column_table_cell av-equal-height-column av-align-top av-hide-on-mobile av-zero-column-padding  '     ><style type=\"text\/css\" data-created_by=\"avia_inline_auto\" id=\"style-css-av-1vpeivj-9b6bc6c0a766d699cd555918a03f0d6a\">\n.avia-image-container.av-1vpeivj-9b6bc6c0a766d699cd555918a03f0d6a img.avia_image{\nbox-shadow:none;\n}\n.avia-image-container.av-1vpeivj-9b6bc6c0a766d699cd555918a03f0d6a .av-image-caption-overlay-center{\ncolor:#ffffff;\n}\n<\/style>\n<div  class='avia-image-container av-1vpeivj-9b6bc6c0a766d699cd555918a03f0d6a av-styling- avia-align-center  avia-builder-el-6  avia-builder-el-no-sibling '   itemprop=\"image\" itemscope=\"itemscope\" itemtype=\"https:\/\/schema.org\/ImageObject\" ><div class=\"avia-image-container-inner\"><div class=\"avia-image-overlay-wrap\"><img decoding=\"async\" fetchpriority=\"high\" class='wp-image-1403 avia-img-lazy-loading-not-1403 avia_image ' src=\"https:\/\/www.tuni.fi\/norssi\/wp-content\/uploads\/alakoulu\/JR075p.jpg\" alt='Kuvassa kolme kuudesluokkalaista poikaa ovat rennosti istuskellen Kaksion sohvanurkkauksessa tekem\u00e4ss\u00e4 teht\u00e4vi\u00e4\u00e4n tietokoneilla.' title='Tampereen yliopiston normaalikoulu - Kuva: Jonne Renvall \/ Tampereen yliopisto'  height=\"500\" width=\"500\"  itemprop=\"thumbnailUrl\" srcset=\"https:\/\/www.tuni.fi\/norssi\/wp-content\/uploads\/alakoulu\/JR075p.jpg 500w, https:\/\/www.tuni.fi\/norssi\/wp-content\/uploads\/alakoulu\/JR075p-100x100.jpg 100w, https:\/\/www.tuni.fi\/norssi\/wp-content\/uploads\/alakoulu\/JR075p-36x36.jpg 36w, https:\/\/www.tuni.fi\/norssi\/wp-content\/uploads\/alakoulu\/JR075p-180x180.jpg 180w, https:\/\/www.tuni.fi\/norssi\/wp-content\/uploads\/alakoulu\/JR075p-120x120.jpg 120w, https:\/\/www.tuni.fi\/norssi\/wp-content\/uploads\/alakoulu\/JR075p-450x450.jpg 450w\" sizes=\"(max-width: 500px) 100vw, 500px\" \/><\/div><\/div><\/div><\/div><\/div><!--close column table wrapper. Autoclose: 1 -->\n\n<style type=\"text\/css\" data-created_by=\"avia_inline_auto\" id=\"style-css-av-1u2o41r-5ebc84cb45ecd48114c822c0ad7a68c1\">\n.flex_column.av-1u2o41r-5ebc84cb45ecd48114c822c0ad7a68c1{\nborder-radius:0px 0px 0px 0px;\npadding:0px 0px 0px 0px;\n}\n<\/style>\n<div  class='flex_column av-1u2o41r-5ebc84cb45ecd48114c822c0ad7a68c1 av_one_full  avia-builder-el-7  el_after_av_one_fourth  el_before_av_one_full  first no_margin flex_column_div av-hide-on-mobile av-zero-column-padding  column-top-margin'     ><style type=\"text\/css\" data-created_by=\"avia_inline_auto\" id=\"style-css-av-1s2nipr-152dfe56188a2c624d009e45588e07d4\">\n#top .hr.hr-invisible.av-1s2nipr-152dfe56188a2c624d009e45588e07d4{\nheight:5px;\n}\n<\/style>\n<div  class='hr av-1s2nipr-152dfe56188a2c624d009e45588e07d4 hr-invisible  avia-builder-el-8  avia-builder-el-no-sibling '><span class='hr-inner '><span class=\"hr-inner-style\"><\/span><\/span><\/div><\/div>\n\n<style type=\"text\/css\" data-created_by=\"avia_inline_auto\" id=\"style-css-av-1jdxsxr-29e498d86a34dbcda0ad5b62a2fad078\">\n.flex_column.av-1jdxsxr-29e498d86a34dbcda0ad5b62a2fad078{\nborder-radius:0px 0px 0px 0px;\npadding:0px 0px 0px 0px;\n}\n<\/style>\n<div  class='flex_column av-1jdxsxr-29e498d86a34dbcda0ad5b62a2fad078 av_one_full  avia-builder-el-9  el_after_av_one_full  el_before_av_one_full  first flex_column_div  column-top-margin'     ><p>\n<style type=\"text\/css\" data-created_by=\"avia_inline_auto\" id=\"style-css-av-2odotr-e6f1d92b63224a470a05f386e38bf90d\">\n#top .av-special-heading.av-2odotr-e6f1d92b63224a470a05f386e38bf90d{\npadding-bottom:10px;\nfont-size:26px;\n}\nbody .av-special-heading.av-2odotr-e6f1d92b63224a470a05f386e38bf90d .av-special-heading-tag .heading-char{\nfont-size:25px;\n}\n#top #wrap_all .av-special-heading.av-2odotr-e6f1d92b63224a470a05f386e38bf90d .av-special-heading-tag{\nfont-size:26px;\n}\n.av-special-heading.av-2odotr-e6f1d92b63224a470a05f386e38bf90d .av-subheading{\nfont-size:20px;\n}\n\n@media only screen and (min-width: 480px) and (max-width: 767px){ \n#top #wrap_all .av-special-heading.av-2odotr-e6f1d92b63224a470a05f386e38bf90d .av-special-heading-tag{\nfont-size:0.8em;\n}\n}\n\n@media only screen and (max-width: 479px){ \n#top #wrap_all .av-special-heading.av-2odotr-e6f1d92b63224a470a05f386e38bf90d .av-special-heading-tag{\nfont-size:0.8em;\n}\n}\n<\/style>\n<div  class='av-special-heading av-2odotr-e6f1d92b63224a470a05f386e38bf90d av-special-heading-h1 blockquote modern-quote modern-centered  avia-builder-el-10  el_before_av_hr  avia-builder-el-first  av-inherit-size'><h1 class='av-special-heading-tag '  itemprop=\"headline\"  >Escape Room &#8211; arjen matematiikkaa<\/h1><div class=\"special-heading-border\"><div class=\"special-heading-inner-border\"><\/div><\/div><\/div><br \/>\n\n<style type=\"text\/css\" data-created_by=\"avia_inline_auto\" id=\"style-css-av-1b21c3j-2c3612ba712b9a18709c935ce0d5b972\">\n#top .hr.hr-invisible.av-1b21c3j-2c3612ba712b9a18709c935ce0d5b972{\nheight:10px;\n}\n<\/style>\n<div  class='hr av-1b21c3j-2c3612ba712b9a18709c935ce0d5b972 hr-invisible  avia-builder-el-11  el_after_av_heading  el_before_av_image '><span class='hr-inner '><span class=\"hr-inner-style\"><\/span><\/span><\/div><br \/>\n\n<style type=\"text\/css\" data-created_by=\"avia_inline_auto\" id=\"style-css-av-4115yt-adf311231c585be2c397f1a2637763c6\">\n.avia-image-container.av-4115yt-adf311231c585be2c397f1a2637763c6 img.avia_image{\nbox-shadow:none;\n}\n.avia-image-container.av-4115yt-adf311231c585be2c397f1a2637763c6 .av-image-caption-overlay-center{\ncolor:#ffffff;\n}\n<\/style>\n<div  class='avia-image-container av-4115yt-adf311231c585be2c397f1a2637763c6 av-styling- avia-align-center  avia-builder-el-12  el_after_av_hr  el_before_av_hr '   itemprop=\"image\" itemscope=\"itemscope\" itemtype=\"https:\/\/schema.org\/ImageObject\" ><div class=\"avia-image-container-inner\"><div class=\"avia-image-overlay-wrap\"><img decoding=\"async\" fetchpriority=\"high\" class='wp-image-8713 avia-img-lazy-loading-not-8713 avia_image ' src=\"https:\/\/www.tuni.fi\/norssi\/wp-content\/uploads\/qr-koodi-pakopeli-1.png\" alt='' title='qr-koodi-pakopeli-1'  height=\"200\" width=\"200\"  itemprop=\"thumbnailUrl\" srcset=\"https:\/\/www.tuni.fi\/norssi\/wp-content\/uploads\/qr-koodi-pakopeli-1.png 200w, https:\/\/www.tuni.fi\/norssi\/wp-content\/uploads\/qr-koodi-pakopeli-1-80x80.png 80w, https:\/\/www.tuni.fi\/norssi\/wp-content\/uploads\/qr-koodi-pakopeli-1-36x36.png 36w, https:\/\/www.tuni.fi\/norssi\/wp-content\/uploads\/qr-koodi-pakopeli-1-180x180.png 180w\" sizes=\"(max-width: 200px) 100vw, 200px\" \/><\/div><\/div><\/div><br \/>\n\n<style type=\"text\/css\" data-created_by=\"avia_inline_auto\" id=\"style-css-av-2spnp1-4ecfce2ec2520980420d65999f337273\">\n#top .hr.hr-invisible.av-2spnp1-4ecfce2ec2520980420d65999f337273{\nheight:10px;\n}\n<\/style>\n<div  class='hr av-2spnp1-4ecfce2ec2520980420d65999f337273 hr-invisible  avia-builder-el-13  el_after_av_image  el_before_av_textblock '><span class='hr-inner '><span class=\"hr-inner-style\"><\/span><\/span><\/div><br \/>\n<section  class='av_textblock_section av-17mfymn-3f834586e43d57e3f431eab856296274 '   itemscope=\"itemscope\" itemtype=\"https:\/\/schema.org\/CreativeWork\" ><div class='avia_textblock'  itemprop=\"text\" ><h3 style=\"text-align: center;\"><a href=\"https:\/\/www.thinglink.com\/scene\/1431906265633652737\" target=\"_blank\" rel=\"noopener\">https:\/\/www.thinglink.com\/scene\/1431906265633652737<\/a><\/h3>\n<\/div><\/section><br \/>\n\n<style type=\"text\/css\" data-created_by=\"avia_inline_auto\" id=\"style-css-av-20txfp-8a5cf1ebc1b2fb8be405304cd1541aca\">\n#top .hr.hr-invisible.av-20txfp-8a5cf1ebc1b2fb8be405304cd1541aca{\nheight:10px;\n}\n<\/style>\n<div  class='hr av-20txfp-8a5cf1ebc1b2fb8be405304cd1541aca hr-invisible  avia-builder-el-15  el_after_av_textblock  el_before_av_textblock '><span class='hr-inner '><span class=\"hr-inner-style\"><\/span><\/span><\/div><br \/>\n<section  class='av_textblock_section av-kmq1yu8r-9e200910fa4c504a7b0017b466bc21a9 '   itemscope=\"itemscope\" itemtype=\"https:\/\/schema.org\/CreativeWork\" ><div class='avia_textblock'  itemprop=\"text\" ><p><iframe loading=\"lazy\" src=\"https:\/\/www.thinglink.com\/card\/1431906265633652737\" width=\"960\" height=\"640.0477611940298\" frameborder=\"0\" scrolling=\"no\" allowfullscreen=\"allowfullscreen\" data-original-width=\"6700\" data-original-height=\"4467\"><\/iframe><script async src=\"\/\/cdn.thinglink.me\/jse\/responsive.js\"><\/script><\/p>\n<\/div><\/section><br \/>\n\n<style type=\"text\/css\" data-created_by=\"avia_inline_auto\" id=\"style-css-av-16gfegv-62f494af166fadf6104b9693c092f38d\">\n#top .hr.hr-invisible.av-16gfegv-62f494af166fadf6104b9693c092f38d{\nheight:10px;\n}\n<\/style>\n<div  class='hr av-16gfegv-62f494af166fadf6104b9693c092f38d hr-invisible  avia-builder-el-17  el_after_av_textblock  el_before_av_textblock '><span class='hr-inner '><span class=\"hr-inner-style\"><\/span><\/span><\/div><br \/>\n<section  class='av_textblock_section av-1ij1u2n-45e1f07e8380bc109d781b90ed710f7a '   itemscope=\"itemscope\" itemtype=\"https:\/\/schema.org\/CreativeWork\" ><div class='avia_textblock'  itemprop=\"text\" ><p><img loading=\"lazy\" decoding=\"async\" class=\"size-full wp-image-4332 aligncenter\" src=\"https:\/\/www.tuni.fi\/norssi\/wp-content\/uploads\/fclab-logo-0-300.png\" alt=\"\" width=\"300\" height=\"300\" srcset=\"https:\/\/www.tuni.fi\/norssi\/wp-content\/uploads\/fclab-logo-0-300.png 300w, https:\/\/www.tuni.fi\/norssi\/wp-content\/uploads\/fclab-logo-0-300-80x80.png 80w, https:\/\/www.tuni.fi\/norssi\/wp-content\/uploads\/fclab-logo-0-300-36x36.png 36w, https:\/\/www.tuni.fi\/norssi\/wp-content\/uploads\/fclab-logo-0-300-180x180.png 180w, https:\/\/www.tuni.fi\/norssi\/wp-content\/uploads\/fclab-logo-0-300-120x120.png 120w\" sizes=\"auto, (max-width: 300px) 100vw, 300px\" \/><\/p>\n<p><img loading=\"lazy\" decoding=\"async\" class=\"alignnone size-full wp-image-8235\" src=\"https:\/\/www.tuni.fi\/norssi\/wp-content\/uploads\/blanco-20x100-1.png\" alt=\"\" width=\"100\" height=\"20\" \/><br \/>\n<img loading=\"lazy\" decoding=\"async\" class=\"size-full wp-image-2852 aligncenter\" src=\"https:\/\/www.tuni.fi\/norssi\/wp-content\/uploads\/kaksio-logo-p1.png\" alt=\"\" width=\"415\" height=\"85\" \/><\/p>\n<\/div><\/section><br \/>\n\n<style type=\"text\/css\" data-created_by=\"avia_inline_auto\" id=\"style-css-av-bla5h-e1b7f8e2b7f35850bfe2d7dcc443f528\">\n#top .hr.hr-invisible.av-bla5h-e1b7f8e2b7f35850bfe2d7dcc443f528{\nheight:10px;\n}\n<\/style>\n<div  class='hr av-bla5h-e1b7f8e2b7f35850bfe2d7dcc443f528 hr-invisible  avia-builder-el-19  el_after_av_textblock  avia-builder-el-last '><span class='hr-inner '><span class=\"hr-inner-style\"><\/span><\/span><\/div><\/p><\/div>\n<style type=\"text\/css\" data-created_by=\"avia_inline_auto\" id=\"style-css-av-utkb8v-09dfb83c63798cdb14eb961126ff03e6\">\n.flex_column.av-utkb8v-09dfb83c63798cdb14eb961126ff03e6{\nborder-radius:0px 0px 0px 0px;\npadding:0px 0px 0px 0px;\n}\n<\/style>\n<div  class='flex_column av-utkb8v-09dfb83c63798cdb14eb961126ff03e6 av_one_full  avia-builder-el-20  el_after_av_one_full  avia-builder-el-last  first flex_column_div av-hide-on-mobile av-zero-column-padding  column-top-margin'     ><style type=\"text\/css\" data-created_by=\"avia_inline_auto\" id=\"style-css-av-srbzjj-f4e125dfbd4eb445cea6c2d51fdef6f8\">\n#top .hr.hr-invisible.av-srbzjj-f4e125dfbd4eb445cea6c2d51fdef6f8{\nheight:5px;\n}\n<\/style>\n<div  class='hr av-srbzjj-f4e125dfbd4eb445cea6c2d51fdef6f8 hr-invisible  avia-builder-el-21  avia-builder-el-no-sibling '><span class='hr-inner '><span class=\"hr-inner-style\"><\/span><\/span><\/div><\/div><\/p>\n","protected":false},"excerpt":{"rendered":"","protected":false},"author":8,"featured_media":0,"parent":1839,"menu_order":0,"comment_status":"closed","ping_status":"closed","template":"","meta":{"footnotes":""},"class_list":["post-8709","page","type-page","status-publish","hentry"],"yoast_head":"<!-- This site is optimized with the Yoast SEO plugin v27.3 - https:\/\/yoast.com\/product\/yoast-seo-wordpress\/ -->\n<title>Escape Room - arjen matematiikkaa - Tampereen yliopiston normaalikoulu<\/title>\n<meta name=\"robots\" content=\"index, follow, max-snippet:-1, max-image-preview:large, max-video-preview:-1\" \/>\n<link rel=\"canonical\" href=\"https:\/\/www.tuni.fi\/norssi\/kaksio56\/pakopeli-1\/\" \/>\n<meta property=\"og:locale\" content=\"fi_FI\" \/>\n<meta property=\"og:type\" content=\"article\" \/>\n<meta property=\"og:title\" content=\"Escape Room - arjen matematiikkaa - Tampereen yliopiston normaalikoulu\" \/>\n<meta property=\"og:url\" content=\"https:\/\/www.tuni.fi\/norssi\/kaksio56\/pakopeli-1\/\" \/>\n<meta property=\"og:site_name\" content=\"Tampereen yliopiston normaalikoulu\" \/>\n<meta property=\"article:modified_time\" content=\"2021-05-21T12:37:40+00:00\" \/>\n<meta property=\"og:image\" content=\"https:\/\/www.tuni.fi\/norssi\/wp-content\/uploads\/fclab-logo-0-300.png\" \/>\n<meta name=\"twitter:card\" content=\"summary_large_image\" \/>\n<meta name=\"twitter:label1\" content=\"Arvioitu lukuaika\" \/>\n\t<meta name=\"twitter:data1\" content=\"7 minuuttia\" \/>\n<script type=\"application\/ld+json\" class=\"yoast-schema-graph\">{\"@context\":\"https:\\\/\\\/schema.org\",\"@graph\":[{\"@type\":\"WebPage\",\"@id\":\"https:\\\/\\\/www.tuni.fi\\\/norssi\\\/kaksio56\\\/pakopeli-1\\\/\",\"url\":\"https:\\\/\\\/www.tuni.fi\\\/norssi\\\/kaksio56\\\/pakopeli-1\\\/\",\"name\":\"Escape Room - arjen matematiikkaa - Tampereen yliopiston normaalikoulu\",\"isPartOf\":{\"@id\":\"https:\\\/\\\/www.tuni.fi\\\/norssi\\\/#website\"},\"primaryImageOfPage\":{\"@id\":\"https:\\\/\\\/www.tuni.fi\\\/norssi\\\/kaksio56\\\/pakopeli-1\\\/#primaryimage\"},\"image\":{\"@id\":\"https:\\\/\\\/www.tuni.fi\\\/norssi\\\/kaksio56\\\/pakopeli-1\\\/#primaryimage\"},\"thumbnailUrl\":\"https:\\\/\\\/www.tuni.fi\\\/norssi\\\/wp-content\\\/uploads\\\/fclab-logo-0-300.png\",\"datePublished\":\"2021-03-26T08:13:37+00:00\",\"dateModified\":\"2021-05-21T12:37:40+00:00\",\"breadcrumb\":{\"@id\":\"https:\\\/\\\/www.tuni.fi\\\/norssi\\\/kaksio56\\\/pakopeli-1\\\/#breadcrumb\"},\"inLanguage\":\"fi\",\"potentialAction\":[{\"@type\":\"ReadAction\",\"target\":[\"https:\\\/\\\/www.tuni.fi\\\/norssi\\\/kaksio56\\\/pakopeli-1\\\/\"]}]},{\"@type\":\"ImageObject\",\"inLanguage\":\"fi\",\"@id\":\"https:\\\/\\\/www.tuni.fi\\\/norssi\\\/kaksio56\\\/pakopeli-1\\\/#primaryimage\",\"url\":\"https:\\\/\\\/www.tuni.fi\\\/norssi\\\/wp-content\\\/uploads\\\/fclab-logo-0-300.png\",\"contentUrl\":\"https:\\\/\\\/www.tuni.fi\\\/norssi\\\/wp-content\\\/uploads\\\/fclab-logo-0-300.png\",\"width\":300,\"height\":300},{\"@type\":\"BreadcrumbList\",\"@id\":\"https:\\\/\\\/www.tuni.fi\\\/norssi\\\/kaksio56\\\/pakopeli-1\\\/#breadcrumb\",\"itemListElement\":[{\"@type\":\"ListItem\",\"position\":1,\"name\":\"Etusivu\",\"item\":\"https:\\\/\\\/www.tuni.fi\\\/norssi\\\/etu\\\/\"},{\"@type\":\"ListItem\",\"position\":2,\"name\":\"KAKS10 56\",\"item\":\"https:\\\/\\\/www.tuni.fi\\\/norssi\\\/kaksio56\\\/\"},{\"@type\":\"ListItem\",\"position\":3,\"name\":\"Escape Room &#8211; arjen matematiikkaa\"}]},{\"@type\":\"WebSite\",\"@id\":\"https:\\\/\\\/www.tuni.fi\\\/norssi\\\/#website\",\"url\":\"https:\\\/\\\/www.tuni.fi\\\/norssi\\\/\",\"name\":\"Tampereen yliopiston normaalikoulu\",\"description\":\"\",\"potentialAction\":[{\"@type\":\"SearchAction\",\"target\":{\"@type\":\"EntryPoint\",\"urlTemplate\":\"https:\\\/\\\/www.tuni.fi\\\/norssi\\\/?s={search_term_string}\"},\"query-input\":{\"@type\":\"PropertyValueSpecification\",\"valueRequired\":true,\"valueName\":\"search_term_string\"}}],\"inLanguage\":\"fi\"}]}<\/script>\n<!-- \/ Yoast SEO plugin. -->","yoast_head_json":{"title":"Escape Room - arjen matematiikkaa - Tampereen yliopiston normaalikoulu","robots":{"index":"index","follow":"follow","max-snippet":"max-snippet:-1","max-image-preview":"max-image-preview:large","max-video-preview":"max-video-preview:-1"},"canonical":"https:\/\/www.tuni.fi\/norssi\/kaksio56\/pakopeli-1\/","og_locale":"fi_FI","og_type":"article","og_title":"Escape Room - arjen matematiikkaa - Tampereen yliopiston normaalikoulu","og_url":"https:\/\/www.tuni.fi\/norssi\/kaksio56\/pakopeli-1\/","og_site_name":"Tampereen yliopiston normaalikoulu","article_modified_time":"2021-05-21T12:37:40+00:00","og_image":[{"url":"https:\/\/www.tuni.fi\/norssi\/wp-content\/uploads\/fclab-logo-0-300.png","type":"","width":"","height":""}],"twitter_card":"summary_large_image","twitter_misc":{"Arvioitu lukuaika":"7 minuuttia"},"schema":{"@context":"https:\/\/schema.org","@graph":[{"@type":"WebPage","@id":"https:\/\/www.tuni.fi\/norssi\/kaksio56\/pakopeli-1\/","url":"https:\/\/www.tuni.fi\/norssi\/kaksio56\/pakopeli-1\/","name":"Escape Room - arjen matematiikkaa - Tampereen yliopiston normaalikoulu","isPartOf":{"@id":"https:\/\/www.tuni.fi\/norssi\/#website"},"primaryImageOfPage":{"@id":"https:\/\/www.tuni.fi\/norssi\/kaksio56\/pakopeli-1\/#primaryimage"},"image":{"@id":"https:\/\/www.tuni.fi\/norssi\/kaksio56\/pakopeli-1\/#primaryimage"},"thumbnailUrl":"https:\/\/www.tuni.fi\/norssi\/wp-content\/uploads\/fclab-logo-0-300.png","datePublished":"2021-03-26T08:13:37+00:00","dateModified":"2021-05-21T12:37:40+00:00","breadcrumb":{"@id":"https:\/\/www.tuni.fi\/norssi\/kaksio56\/pakopeli-1\/#breadcrumb"},"inLanguage":"fi","potentialAction":[{"@type":"ReadAction","target":["https:\/\/www.tuni.fi\/norssi\/kaksio56\/pakopeli-1\/"]}]},{"@type":"ImageObject","inLanguage":"fi","@id":"https:\/\/www.tuni.fi\/norssi\/kaksio56\/pakopeli-1\/#primaryimage","url":"https:\/\/www.tuni.fi\/norssi\/wp-content\/uploads\/fclab-logo-0-300.png","contentUrl":"https:\/\/www.tuni.fi\/norssi\/wp-content\/uploads\/fclab-logo-0-300.png","width":300,"height":300},{"@type":"BreadcrumbList","@id":"https:\/\/www.tuni.fi\/norssi\/kaksio56\/pakopeli-1\/#breadcrumb","itemListElement":[{"@type":"ListItem","position":1,"name":"Etusivu","item":"https:\/\/www.tuni.fi\/norssi\/etu\/"},{"@type":"ListItem","position":2,"name":"KAKS10 56","item":"https:\/\/www.tuni.fi\/norssi\/kaksio56\/"},{"@type":"ListItem","position":3,"name":"Escape Room &#8211; arjen matematiikkaa"}]},{"@type":"WebSite","@id":"https:\/\/www.tuni.fi\/norssi\/#website","url":"https:\/\/www.tuni.fi\/norssi\/","name":"Tampereen yliopiston normaalikoulu","description":"","potentialAction":[{"@type":"SearchAction","target":{"@type":"EntryPoint","urlTemplate":"https:\/\/www.tuni.fi\/norssi\/?s={search_term_string}"},"query-input":{"@type":"PropertyValueSpecification","valueRequired":true,"valueName":"search_term_string"}}],"inLanguage":"fi"}]}},"_links":{"self":[{"href":"https:\/\/www.tuni.fi\/norssi\/wp-json\/wp\/v2\/pages\/8709","targetHints":{"allow":["GET"]}}],"collection":[{"href":"https:\/\/www.tuni.fi\/norssi\/wp-json\/wp\/v2\/pages"}],"about":[{"href":"https:\/\/www.tuni.fi\/norssi\/wp-json\/wp\/v2\/types\/page"}],"author":[{"embeddable":true,"href":"https:\/\/www.tuni.fi\/norssi\/wp-json\/wp\/v2\/users\/8"}],"replies":[{"embeddable":true,"href":"https:\/\/www.tuni.fi\/norssi\/wp-json\/wp\/v2\/comments?post=8709"}],"version-history":[{"count":9,"href":"https:\/\/www.tuni.fi\/norssi\/wp-json\/wp\/v2\/pages\/8709\/revisions"}],"predecessor-version":[{"id":8823,"href":"https:\/\/www.tuni.fi\/norssi\/wp-json\/wp\/v2\/pages\/8709\/revisions\/8823"}],"up":[{"embeddable":true,"href":"https:\/\/www.tuni.fi\/norssi\/wp-json\/wp\/v2\/pages\/1839"}],"wp:attachment":[{"href":"https:\/\/www.tuni.fi\/norssi\/wp-json\/wp\/v2\/media?parent=8709"}],"curies":[{"name":"wp","href":"https:\/\/api.w.org\/{rel}","templated":true}]}}