{"id":12537,"date":"2023-09-08T15:38:07","date_gmt":"2023-09-08T12:38:07","guid":{"rendered":"https:\/\/www.tuni.fi\/norssi\/?page_id=12537"},"modified":"2025-11-13T17:35:54","modified_gmt":"2025-11-13T15:35:54","slug":"neuvottelukunta","status":"publish","type":"page","link":"https:\/\/www.tuni.fi\/norssi\/neuvottelukunta\/","title":{"rendered":"Neuvottelukunta"},"content":{"rendered":"\n<style type=\"text\/css\" data-created_by=\"avia_inline_auto\" id=\"style-css-av-56yx76-759e33317a70ad0f5734cd1329f0e3a1\">\n#top .hr.hr-invisible.av-56yx76-759e33317a70ad0f5734cd1329f0e3a1{\nheight:20px;\n}\n<\/style>\n<div  class='hr av-56yx76-759e33317a70ad0f5734cd1329f0e3a1 hr-invisible  avia-builder-el-0  el_before_av_one_half  avia-builder-el-first '><span class='hr-inner '><span class=\"hr-inner-style\"><\/span><\/span><\/div>\n<div class='flex_column_table av-50l3a2-0c29ed683092465d45f96af56fc707da sc-av_one_half av-equal-height-column-flextable'>\n<style type=\"text\/css\" data-created_by=\"avia_inline_auto\" id=\"style-css-av-50l3a2-0c29ed683092465d45f96af56fc707da\">\n#top .flex_column_table.av-equal-height-column-flextable.av-50l3a2-0c29ed683092465d45f96af56fc707da{\nmargin-top:-25px;\nmargin-bottom:0px;\n}\n.flex_column.av-50l3a2-0c29ed683092465d45f96af56fc707da{\nborder-radius:0px 0px 0px 0px;\npadding:0px 0px 0px 0px;\n}\n<\/style>\n<div  class='flex_column av-50l3a2-0c29ed683092465d45f96af56fc707da av_one_half  avia-builder-el-1  el_after_av_hr  el_before_av_one_fourth  first no_margin flex_column_table_cell av-equal-height-column av-align-top av-zero-column-padding  '     ><div  class='avia-slideshow av-4tp6wa-777b7337709dc6066b8df7aa2cd96875 avia-slideshow-no scaling av_slideshow avia-slide-slider  avia-builder-el-2  avia-builder-el-no-sibling  av-slideshow-ui av-control-default av-slideshow-manual av-loop-once av-loop-manual-endless av-default-height-applied avia-slideshow-1' data-slideshow-options=\"{&quot;animation&quot;:&quot;slide&quot;,&quot;autoplay&quot;:false,&quot;loop_autoplay&quot;:&quot;once&quot;,&quot;interval&quot;:5,&quot;loop_manual&quot;:&quot;manual-endless&quot;,&quot;autoplay_stopper&quot;:false,&quot;noNavigation&quot;:false,&quot;bg_slider&quot;:false,&quot;keep_padding&quot;:false,&quot;hoverpause&quot;:false,&quot;show_slide_delay&quot;:0}\"  itemprop=\"image\" itemscope=\"itemscope\" itemtype=\"https:\/\/schema.org\/ImageObject\" ><ul class='avia-slideshow-inner ' style='padding-bottom: 50%;'><li  class='avia-slideshow-slide av-4tp6wa-777b7337709dc6066b8df7aa2cd96875__0  av-single-slide slide-1 slide-odd'><div data-rel='slideshow-1' class='avia-slide-wrap '   ><img decoding=\"async\" fetchpriority=\"high\" class=\"wp-image-15597 avia-img-lazy-loading-not-15597\"  src=\"https:\/\/www.tuni.fi\/norssi\/wp-content\/uploads\/norssi25-renvall-1.jpg\" width=\"1000\" height=\"500\" title='norssi25-renvall-1' alt='Tampereen yliopiston normaalikoulu, kuva Jonne Renvall 2025'  itemprop=\"thumbnailUrl\" srcset=\"https:\/\/www.tuni.fi\/norssi\/wp-content\/uploads\/norssi25-renvall-1.jpg 1000w, https:\/\/www.tuni.fi\/norssi\/wp-content\/uploads\/norssi25-renvall-1-500x250.jpg 500w, https:\/\/www.tuni.fi\/norssi\/wp-content\/uploads\/norssi25-renvall-1-768x384.jpg 768w, https:\/\/www.tuni.fi\/norssi\/wp-content\/uploads\/norssi25-renvall-1-705x353.jpg 705w\" sizes=\"(max-width: 1000px) 100vw, 1000px\" \/><\/div><\/li><\/ul><\/div><\/div>\n<style type=\"text\/css\" data-created_by=\"avia_inline_auto\" id=\"style-css-av-4mcqu2-caff48121ecf2e59c44747fc5b85ba61\">\n#top .flex_column_table.av-equal-height-column-flextable.av-4mcqu2-caff48121ecf2e59c44747fc5b85ba61{\nmargin-top:-25px;\nmargin-bottom:0px;\n}\n.flex_column.av-4mcqu2-caff48121ecf2e59c44747fc5b85ba61{\nborder-radius:0px 0px 0px 0px;\npadding:0px 0px 0px 0px;\n}\n<\/style>\n<div  class='flex_column av-4mcqu2-caff48121ecf2e59c44747fc5b85ba61 av_one_fourth  avia-builder-el-3  el_after_av_one_half  el_before_av_one_fourth  no_margin flex_column_table_cell av-equal-height-column av-align-top av-hide-on-mobile av-zero-column-padding  '     ><style type=\"text\/css\" data-created_by=\"avia_inline_auto\" id=\"style-css-av-4getg2-220a8f841fee85f44bd0ac6d3b514b9d\">\n.avia-image-container.av-4getg2-220a8f841fee85f44bd0ac6d3b514b9d img.avia_image{\nbox-shadow:none;\n}\n.avia-image-container.av-4getg2-220a8f841fee85f44bd0ac6d3b514b9d .av-caption-image-overlay-bg{\nopacity:0.4;\n}\n.avia-image-container.av-4getg2-220a8f841fee85f44bd0ac6d3b514b9d .av-image-caption-overlay-center{\ncolor:#ffffff;\nfont-size:15px;\n}\n<\/style>\n<div  class='avia-image-container av-4getg2-220a8f841fee85f44bd0ac6d3b514b9d av-styling- av-hover-grow avia-align-center  avia-builder-el-4  avia-builder-el-no-sibling  noHover av-overlay-hover-deactivate'   itemprop=\"image\" itemscope=\"itemscope\" itemtype=\"https:\/\/schema.org\/ImageObject\" ><div class=\"avia-image-container-inner\"><div class=\"avia-image-overlay-wrap\"><div class=\"av-image-caption-overlay\"><div class=\"av-caption-image-overlay-bg\"><\/div><div class=\"av-image-caption-overlay-position\"><div class=\"av-image-caption-overlay-center\"><p>Norssissa j\u00e4rjestet\u00e4\u00e4n laadukasta perusasteen ja lukion opetusty\u00f6t\u00e4, opettajankoulutuksen ohjattua harjoittelua sek\u00e4 tutkimus- ja kehitysty\u00f6t\u00e4.<\/p>\n<\/div><\/div><\/div><img decoding=\"async\" fetchpriority=\"high\" class='wp-image-14903 avia-img-lazy-loading-not-14903 avia_image ' src=\"https:\/\/www.tuni.fi\/norssi\/wp-content\/uploads\/bg25a.jpg\" alt='' title='bg25a'  height=\"500\" width=\"500\"  itemprop=\"thumbnailUrl\" srcset=\"https:\/\/www.tuni.fi\/norssi\/wp-content\/uploads\/bg25a.jpg 500w, https:\/\/www.tuni.fi\/norssi\/wp-content\/uploads\/bg25a-80x80.jpg 80w, https:\/\/www.tuni.fi\/norssi\/wp-content\/uploads\/bg25a-36x36.jpg 36w, https:\/\/www.tuni.fi\/norssi\/wp-content\/uploads\/bg25a-180x180.jpg 180w\" sizes=\"(max-width: 500px) 100vw, 500px\" \/><\/div><\/div><\/div><\/div><\/p>\n\n<style type=\"text\/css\" data-created_by=\"avia_inline_auto\" id=\"style-css-av-48zzqi-80a38162fa51e4e743be9461b006f800\">\n#top .flex_column_table.av-equal-height-column-flextable.av-48zzqi-80a38162fa51e4e743be9461b006f800{\nmargin-top:-25px;\nmargin-bottom:0px;\n}\n.flex_column.av-48zzqi-80a38162fa51e4e743be9461b006f800{\nborder-radius:0px 0px 0px 0px;\npadding:0px 0px 0px 0px;\n}\n<\/style>\n<div  class='flex_column av-48zzqi-80a38162fa51e4e743be9461b006f800 av_one_fourth  avia-builder-el-5  el_after_av_one_fourth  el_before_av_one_full  no_margin flex_column_table_cell av-equal-height-column av-align-top av-hide-on-mobile av-zero-column-padding  '     ><style type=\"text\/css\" data-created_by=\"avia_inline_auto\" id=\"style-css-av-40038q-52ff0496e4697a0b4f804c739efcd804\">\n.avia-image-container.av-40038q-52ff0496e4697a0b4f804c739efcd804 img.avia_image{\nbox-shadow:none;\n}\n.avia-image-container.av-40038q-52ff0496e4697a0b4f804c739efcd804 .av-image-caption-overlay-center{\ncolor:#ffffff;\n}\n<\/style>\n<div  class='avia-image-container av-40038q-52ff0496e4697a0b4f804c739efcd804 av-styling- avia-align-center  avia-builder-el-6  avia-builder-el-no-sibling '   itemprop=\"image\" itemscope=\"itemscope\" itemtype=\"https:\/\/schema.org\/ImageObject\" ><div class=\"avia-image-container-inner\"><div class=\"avia-image-overlay-wrap\"><img decoding=\"async\" fetchpriority=\"high\" class='wp-image-1434 avia-img-lazy-loading-not-1434 avia_image ' src=\"https:\/\/www.tuni.fi\/norssi\/wp-content\/uploads\/ylakoulu\/JR066p.jpg\" alt='Kuvassa on ylh\u00e4\u00e4lt\u00e4 otettu kuva yl\u00e4koulun oppilaista, jotaka juttelevat toisilleen pieniss\u00e4 ryhmiss\u00e4 reput sel\u00e4ss\u00e4\u00e4n.' title='Tampereen yliopiston normaalikoulu - Kuva: Jonne Renvall \/ Tampereen yliopisto'  height=\"500\" width=\"500\"  itemprop=\"thumbnailUrl\" srcset=\"https:\/\/www.tuni.fi\/norssi\/wp-content\/uploads\/ylakoulu\/JR066p.jpg 500w, https:\/\/www.tuni.fi\/norssi\/wp-content\/uploads\/ylakoulu\/JR066p-100x100.jpg 100w, https:\/\/www.tuni.fi\/norssi\/wp-content\/uploads\/ylakoulu\/JR066p-36x36.jpg 36w, https:\/\/www.tuni.fi\/norssi\/wp-content\/uploads\/ylakoulu\/JR066p-180x180.jpg 180w, https:\/\/www.tuni.fi\/norssi\/wp-content\/uploads\/ylakoulu\/JR066p-120x120.jpg 120w, https:\/\/www.tuni.fi\/norssi\/wp-content\/uploads\/ylakoulu\/JR066p-450x450.jpg 450w\" sizes=\"(max-width: 500px) 100vw, 500px\" \/><\/div><\/div><\/div><\/div><\/div><!--close column table wrapper. Autoclose: 1 -->\n\n<style type=\"text\/css\" data-created_by=\"avia_inline_auto\" id=\"style-css-av-3vopvm-9b3973263f5df0f794dd17606a36d620\">\n.flex_column.av-3vopvm-9b3973263f5df0f794dd17606a36d620{\nborder-radius:0px 0px 0px 0px;\npadding:0px 0px 0px 0px;\n}\n<\/style>\n<div  class='flex_column av-3vopvm-9b3973263f5df0f794dd17606a36d620 av_one_full  avia-builder-el-7  el_after_av_one_fourth  el_before_av_one_half  first no_margin flex_column_div av-zero-column-padding  column-top-margin'     ><style type=\"text\/css\" data-created_by=\"avia_inline_auto\" id=\"style-css-av-3qyvoi-7a99df06acb7e700c42bc3e18b8d9ec4\">\n#top .hr.hr-invisible.av-3qyvoi-7a99df06acb7e700c42bc3e18b8d9ec4{\nheight:5px;\n}\n<\/style>\n<div  class='hr av-3qyvoi-7a99df06acb7e700c42bc3e18b8d9ec4 hr-invisible  avia-builder-el-8  avia-builder-el-no-sibling '><span class='hr-inner '><span class=\"hr-inner-style\"><\/span><\/span><\/div><\/div>\n\n<style type=\"text\/css\" data-created_by=\"avia_inline_auto\" id=\"style-css-av-3k81ea-fce0dad6315463283fc6924f14defa0b\">\n.flex_column.av-3k81ea-fce0dad6315463283fc6924f14defa0b{\nborder-radius:0px 0px 0px 0px;\npadding:0px 0px 0px 0px;\n}\n<\/style>\n<div  class='flex_column av-3k81ea-fce0dad6315463283fc6924f14defa0b av_one_half  avia-builder-el-9  el_after_av_one_full  el_before_av_one_half  first flex_column_div av-zero-column-padding  column-top-margin'     ><p>\n<style type=\"text\/css\" data-created_by=\"avia_inline_auto\" id=\"style-css-av-2bzdhk-179bed10f6521fc8de008daba0dcd682\">\n#top .av-special-heading.av-2bzdhk-179bed10f6521fc8de008daba0dcd682{\npadding-bottom:10px;\nfont-size:22px;\n}\nbody .av-special-heading.av-2bzdhk-179bed10f6521fc8de008daba0dcd682 .av-special-heading-tag .heading-char{\nfont-size:25px;\n}\n#top #wrap_all .av-special-heading.av-2bzdhk-179bed10f6521fc8de008daba0dcd682 .av-special-heading-tag{\nfont-size:22px;\n}\n.av-special-heading.av-2bzdhk-179bed10f6521fc8de008daba0dcd682 .av-subheading{\nfont-size:18px;\n}\n\n@media only screen and (min-width: 480px) and (max-width: 767px){ \n#top #wrap_all .av-special-heading.av-2bzdhk-179bed10f6521fc8de008daba0dcd682 .av-special-heading-tag{\nfont-size:0.8em;\n}\n}\n\n@media only screen and (max-width: 479px){ \n#top #wrap_all .av-special-heading.av-2bzdhk-179bed10f6521fc8de008daba0dcd682 .av-special-heading-tag{\nfont-size:0.8em;\n}\n}\n<\/style>\n<div  class='av-special-heading av-2bzdhk-179bed10f6521fc8de008daba0dcd682 av-special-heading-h1 blockquote modern-quote  avia-builder-el-10  el_before_av_textblock  avia-builder-el-first  av-inherit-size'><h1 class='av-special-heading-tag '  itemprop=\"headline\"  >Tampereen yliopiston normaalikoulun neuvottelukunta<\/h1><div class=\"special-heading-border\"><div class=\"special-heading-inner-border\"><\/div><\/div><\/div><br \/>\n<section  class='av_textblock_section av-lmakz5g8-ddf585ab97b56251a9338acc683c98af '   itemscope=\"itemscope\" itemtype=\"https:\/\/schema.org\/CreativeWork\" ><div class='avia_textblock'  itemprop=\"text\" ><h3>\u00a0<\/h3>\n<p><strong>Neuvottelukunnan teht\u00e4v\u00e4t ja kokoonpano on m\u00e4\u00e4ritelty Normaalikoulun johtos\u00e4\u00e4nn\u00f6ss\u00e4: <a href=\"https:\/\/www.tuni.fi\/norssi\/johtosaanto\/\">https:\/\/www.tuni.fi\/norssi\/johtosaanto\/<\/a> \u00a0<\/strong><\/p>\n<p><strong>Neuvottelukunnan j\u00e4senet 2025-2027 Kasvatustieteiden ja kulttuurin tiedekuntaneuvoston p\u00e4\u00e4t\u00f6ksen mukaisesti ovat:\u00a0\u00a0\u00a0\u00a0\u00a0 \u00a0\u00a0\u00a0\u00a0\u00a0<\/strong><\/p>\n<p><strong>Normaalikoulu<\/strong><br \/>\nTiina Ojala, varalla Hanna Lehikoinen<br \/>\nErno Saarikko, varalla Veera Hakala<br \/>\nSuvi Niemel\u00e4inen, varalla Harri Mustonen<\/p>\n<p><strong>Tiedekunta<\/strong><br \/>\nJussi Hanska, varalla Kaisu R\u00e4tty\u00e4<br \/>\nMiia Collanus, varalla Minna M\u00e4kihonko<\/p>\n<p><strong>Opettajaksi opiskelevien edustaja<\/strong><br \/>\nSanteri Virtanen, varalla Jere Janakka<\/p>\n<p><strong>Tampereen kaupunki<\/strong><br \/>\nUlla Ojalammi, varalla Harri Jurvela<br \/>\n<span style=\"color: #ffffff;\">.<\/span><\/p>\n<p><strong>Sidosryhmien edustajat<\/strong><\/p>\n<p>Huoltajien edustajat<br \/>\nKatariina Penttil\u00e4, varalla Ulla-Maija Jakobsson<br \/>\nSanteri Saarinen, varalla Numminen Salla<br \/>\nSusanna Blomqvist, varalla Mia Gerdt<br \/>\nSuvi Viitasalo, varalla Eeva Lennon<\/p>\n<p>Sorin Sirkus<br \/>\nMerja Koskiniemi, varalla Taina Kopra<\/p>\n<p><img loading=\"lazy\" decoding=\"async\" class=\"alignnone size-full wp-image-8235\" src=\"https:\/\/www.tuni.fi\/norssi\/wp-content\/uploads\/blanco-20x100-1.png\" alt=\"\" width=\"100\" height=\"20\" \/><\/p>\n<\/div><\/section><\/p><\/div>\n\n<style type=\"text\/css\" data-created_by=\"avia_inline_auto\" id=\"style-css-av-37n98q-6e2e044a3f0684d8171ee633522a801b\">\n.flex_column.av-37n98q-6e2e044a3f0684d8171ee633522a801b{\nborder-radius:0px 0px 0px 0px;\npadding:0px 0px 0px 0px;\n}\n<\/style>\n<div  class='flex_column av-37n98q-6e2e044a3f0684d8171ee633522a801b av_one_half  avia-builder-el-12  el_after_av_one_half  el_before_av_one_full  flex_column_div  column-top-margin'     ><section  class='av_textblock_section av-lmal0j51-b2c06764f4e088361cc46207b2a138d0 '   itemscope=\"itemscope\" itemtype=\"https:\/\/schema.org\/CreativeWork\" ><div class='avia_textblock'  itemprop=\"text\" ><h3>\u00a0<\/h3>\n<p>Lukion opiskelijakunnan ja perusopetuksen oppilaskunnan edustajalla kummallakin on puhe- ja l\u00e4sn\u00e4olo-oikeus neuvottelukunnan kokouksissa.<\/p>\n<p>Kasvatustieteiden ja kulttuurin tiedekunnan dekaanilla on puhe- ja l\u00e4sn\u00e4olo-oikeus neuvottelukunnan kokouksissa siin\u00e4kin tapauksessa, ett\u00e4 h\u00e4n ei ole kasvatustieteiden ja kulttuurin tiedekunnan edustajana neuvottelukunnassa.<\/p>\n<p>Neuvottelukunnalle asiat valmistelee ja esittelee johtava rehtori.<\/p>\n<p><img loading=\"lazy\" decoding=\"async\" class=\"alignnone size-full wp-image-8235\" src=\"https:\/\/www.tuni.fi\/norssi\/wp-content\/uploads\/blanco-20x100-1.png\" alt=\"\" width=\"100\" height=\"20\" \/><\/p>\n<\/div><\/section><br \/>\n\n<style type=\"text\/css\" data-created_by=\"avia_inline_auto\" id=\"style-css-av-2vt6ia-3600f6a6102af2be5f3d86f289b1809a\">\n#top .hr.hr-invisible.av-2vt6ia-3600f6a6102af2be5f3d86f289b1809a{\nheight:10px;\n}\n<\/style>\n<div  class='hr av-2vt6ia-3600f6a6102af2be5f3d86f289b1809a hr-invisible  avia-builder-el-14  el_after_av_textblock  el_before_av_image '><span class='hr-inner '><span class=\"hr-inner-style\"><\/span><\/span><\/div><br \/>\n\n<style type=\"text\/css\" data-created_by=\"avia_inline_auto\" id=\"style-css-av-18kz8y-313fb89b09439fc18033ee0bedee183d\">\n.avia-image-container.av-18kz8y-313fb89b09439fc18033ee0bedee183d img.avia_image{\nbox-shadow:none;\n}\n.avia-image-container.av-18kz8y-313fb89b09439fc18033ee0bedee183d .av-image-caption-overlay-center{\ncolor:#ffffff;\n}\n<\/style>\n<div  class='avia-image-container av-18kz8y-313fb89b09439fc18033ee0bedee183d av-styling- avia-align-center  avia-builder-el-15  el_after_av_hr  el_before_av_hr '   itemprop=\"image\" itemscope=\"itemscope\" itemtype=\"https:\/\/schema.org\/ImageObject\" ><div class=\"avia-image-container-inner\"><div class=\"avia-image-overlay-wrap\"><img decoding=\"async\" fetchpriority=\"high\" class='wp-image-12057 avia-img-lazy-loading-not-12057 avia_image ' src=\"https:\/\/www.tuni.fi\/norssi\/wp-content\/uploads\/60mob2.jpg\" alt='' title='60mob2'  height=\"500\" width=\"1000\"  itemprop=\"thumbnailUrl\" srcset=\"https:\/\/www.tuni.fi\/norssi\/wp-content\/uploads\/60mob2.jpg 1000w, https:\/\/www.tuni.fi\/norssi\/wp-content\/uploads\/60mob2-500x250.jpg 500w, https:\/\/www.tuni.fi\/norssi\/wp-content\/uploads\/60mob2-768x384.jpg 768w, https:\/\/www.tuni.fi\/norssi\/wp-content\/uploads\/60mob2-705x353.jpg 705w\" sizes=\"(max-width: 1000px) 100vw, 1000px\" \/><\/div><\/div><\/div><br \/>\n\n<style type=\"text\/css\" data-created_by=\"avia_inline_auto\" id=\"style-css-av-vmyhx5-97cceba92ee2e65fb5026275e3c133d7\">\n#top .hr.hr-invisible.av-vmyhx5-97cceba92ee2e65fb5026275e3c133d7{\nheight:10px;\n}\n<\/style>\n<div  class='hr av-vmyhx5-97cceba92ee2e65fb5026275e3c133d7 hr-invisible  avia-builder-el-16  el_after_av_image  avia-builder-el-last '><span class='hr-inner '><span class=\"hr-inner-style\"><\/span><\/span><\/div><\/p><\/div>\n<div class='flex_column_table av-1fs5hu-d072ae94f9553907f64f951538c862fe sc-av_one_full av-equal-height-column-flextable'>\n<style type=\"text\/css\" data-created_by=\"avia_inline_auto\" id=\"style-css-av-1fs5hu-d072ae94f9553907f64f951538c862fe\">\n.flex_column.av-1fs5hu-d072ae94f9553907f64f951538c862fe{\nborder-radius:0px 0px 0px 0px;\npadding:0px 0px 0px 0px;\n}\n<\/style>\n<div  class='flex_column av-1fs5hu-d072ae94f9553907f64f951538c862fe av_one_full  avia-builder-el-17  el_after_av_one_half  avia-builder-el-last  first no_margin flex_column_table_cell av-equal-height-column av-align-top av-hide-on-mobile av-zero-column-padding  column-top-margin'     ><\/div><\/div><!--close column table wrapper. Autoclose: 1 -->\n","protected":false},"excerpt":{"rendered":"","protected":false},"author":23,"featured_media":0,"parent":0,"menu_order":0,"comment_status":"closed","ping_status":"closed","template":"","meta":{"footnotes":""},"class_list":["post-12537","page","type-page","status-publish","hentry"],"yoast_head":"<!-- This site is optimized with the Yoast SEO plugin v27.5 - https:\/\/yoast.com\/product\/yoast-seo-wordpress\/ -->\n<title>Neuvottelukunta - Tampereen yliopiston normaalikoulu<\/title>\n<meta name=\"robots\" content=\"index, follow, max-snippet:-1, max-image-preview:large, max-video-preview:-1\" \/>\n<link rel=\"canonical\" href=\"https:\/\/www.tuni.fi\/norssi\/neuvottelukunta\/\" \/>\n<meta property=\"og:locale\" content=\"fi_FI\" \/>\n<meta property=\"og:type\" content=\"article\" \/>\n<meta property=\"og:title\" content=\"Neuvottelukunta - Tampereen yliopiston normaalikoulu\" \/>\n<meta property=\"og:url\" content=\"https:\/\/www.tuni.fi\/norssi\/neuvottelukunta\/\" \/>\n<meta property=\"og:site_name\" content=\"Tampereen yliopiston normaalikoulu\" \/>\n<meta property=\"article:modified_time\" content=\"2025-11-13T15:35:54+00:00\" \/>\n<meta property=\"og:image\" content=\"https:\/\/www.tuni.fi\/norssi\/wp-content\/uploads\/blanco-20x100-1.png\" \/>\n<meta name=\"twitter:card\" content=\"summary_large_image\" \/>\n<meta name=\"twitter:label1\" content=\"Arvioitu lukuaika\" \/>\n\t<meta name=\"twitter:data1\" content=\"3 minuuttia\" \/>\n<script type=\"application\/ld+json\" class=\"yoast-schema-graph\">{\"@context\":\"https:\\\/\\\/schema.org\",\"@graph\":[{\"@type\":\"WebPage\",\"@id\":\"https:\\\/\\\/www.tuni.fi\\\/norssi\\\/neuvottelukunta\\\/\",\"url\":\"https:\\\/\\\/www.tuni.fi\\\/norssi\\\/neuvottelukunta\\\/\",\"name\":\"Neuvottelukunta - Tampereen yliopiston normaalikoulu\",\"isPartOf\":{\"@id\":\"https:\\\/\\\/www.tuni.fi\\\/norssi\\\/#website\"},\"primaryImageOfPage\":{\"@id\":\"https:\\\/\\\/www.tuni.fi\\\/norssi\\\/neuvottelukunta\\\/#primaryimage\"},\"image\":{\"@id\":\"https:\\\/\\\/www.tuni.fi\\\/norssi\\\/neuvottelukunta\\\/#primaryimage\"},\"thumbnailUrl\":\"https:\\\/\\\/www.tuni.fi\\\/norssi\\\/wp-content\\\/uploads\\\/blanco-20x100-1.png\",\"datePublished\":\"2023-09-08T12:38:07+00:00\",\"dateModified\":\"2025-11-13T15:35:54+00:00\",\"breadcrumb\":{\"@id\":\"https:\\\/\\\/www.tuni.fi\\\/norssi\\\/neuvottelukunta\\\/#breadcrumb\"},\"inLanguage\":\"fi\",\"potentialAction\":[{\"@type\":\"ReadAction\",\"target\":[\"https:\\\/\\\/www.tuni.fi\\\/norssi\\\/neuvottelukunta\\\/\"]}]},{\"@type\":\"ImageObject\",\"inLanguage\":\"fi\",\"@id\":\"https:\\\/\\\/www.tuni.fi\\\/norssi\\\/neuvottelukunta\\\/#primaryimage\",\"url\":\"https:\\\/\\\/www.tuni.fi\\\/norssi\\\/wp-content\\\/uploads\\\/blanco-20x100-1.png\",\"contentUrl\":\"https:\\\/\\\/www.tuni.fi\\\/norssi\\\/wp-content\\\/uploads\\\/blanco-20x100-1.png\",\"width\":100,\"height\":20},{\"@type\":\"BreadcrumbList\",\"@id\":\"https:\\\/\\\/www.tuni.fi\\\/norssi\\\/neuvottelukunta\\\/#breadcrumb\",\"itemListElement\":[{\"@type\":\"ListItem\",\"position\":1,\"name\":\"Etusivu\",\"item\":\"https:\\\/\\\/www.tuni.fi\\\/norssi\\\/etu\\\/\"},{\"@type\":\"ListItem\",\"position\":2,\"name\":\"Neuvottelukunta\"}]},{\"@type\":\"WebSite\",\"@id\":\"https:\\\/\\\/www.tuni.fi\\\/norssi\\\/#website\",\"url\":\"https:\\\/\\\/www.tuni.fi\\\/norssi\\\/\",\"name\":\"Tampereen yliopiston normaalikoulu\",\"description\":\"\",\"potentialAction\":[{\"@type\":\"SearchAction\",\"target\":{\"@type\":\"EntryPoint\",\"urlTemplate\":\"https:\\\/\\\/www.tuni.fi\\\/norssi\\\/?s={search_term_string}\"},\"query-input\":{\"@type\":\"PropertyValueSpecification\",\"valueRequired\":true,\"valueName\":\"search_term_string\"}}],\"inLanguage\":\"fi\"}]}<\/script>\n<!-- \/ Yoast SEO plugin. -->","yoast_head_json":{"title":"Neuvottelukunta - Tampereen yliopiston normaalikoulu","robots":{"index":"index","follow":"follow","max-snippet":"max-snippet:-1","max-image-preview":"max-image-preview:large","max-video-preview":"max-video-preview:-1"},"canonical":"https:\/\/www.tuni.fi\/norssi\/neuvottelukunta\/","og_locale":"fi_FI","og_type":"article","og_title":"Neuvottelukunta - Tampereen yliopiston normaalikoulu","og_url":"https:\/\/www.tuni.fi\/norssi\/neuvottelukunta\/","og_site_name":"Tampereen yliopiston normaalikoulu","article_modified_time":"2025-11-13T15:35:54+00:00","og_image":[{"url":"https:\/\/www.tuni.fi\/norssi\/wp-content\/uploads\/blanco-20x100-1.png","type":"","width":"","height":""}],"twitter_card":"summary_large_image","twitter_misc":{"Arvioitu lukuaika":"3 minuuttia"},"schema":{"@context":"https:\/\/schema.org","@graph":[{"@type":"WebPage","@id":"https:\/\/www.tuni.fi\/norssi\/neuvottelukunta\/","url":"https:\/\/www.tuni.fi\/norssi\/neuvottelukunta\/","name":"Neuvottelukunta - Tampereen yliopiston normaalikoulu","isPartOf":{"@id":"https:\/\/www.tuni.fi\/norssi\/#website"},"primaryImageOfPage":{"@id":"https:\/\/www.tuni.fi\/norssi\/neuvottelukunta\/#primaryimage"},"image":{"@id":"https:\/\/www.tuni.fi\/norssi\/neuvottelukunta\/#primaryimage"},"thumbnailUrl":"https:\/\/www.tuni.fi\/norssi\/wp-content\/uploads\/blanco-20x100-1.png","datePublished":"2023-09-08T12:38:07+00:00","dateModified":"2025-11-13T15:35:54+00:00","breadcrumb":{"@id":"https:\/\/www.tuni.fi\/norssi\/neuvottelukunta\/#breadcrumb"},"inLanguage":"fi","potentialAction":[{"@type":"ReadAction","target":["https:\/\/www.tuni.fi\/norssi\/neuvottelukunta\/"]}]},{"@type":"ImageObject","inLanguage":"fi","@id":"https:\/\/www.tuni.fi\/norssi\/neuvottelukunta\/#primaryimage","url":"https:\/\/www.tuni.fi\/norssi\/wp-content\/uploads\/blanco-20x100-1.png","contentUrl":"https:\/\/www.tuni.fi\/norssi\/wp-content\/uploads\/blanco-20x100-1.png","width":100,"height":20},{"@type":"BreadcrumbList","@id":"https:\/\/www.tuni.fi\/norssi\/neuvottelukunta\/#breadcrumb","itemListElement":[{"@type":"ListItem","position":1,"name":"Etusivu","item":"https:\/\/www.tuni.fi\/norssi\/etu\/"},{"@type":"ListItem","position":2,"name":"Neuvottelukunta"}]},{"@type":"WebSite","@id":"https:\/\/www.tuni.fi\/norssi\/#website","url":"https:\/\/www.tuni.fi\/norssi\/","name":"Tampereen yliopiston normaalikoulu","description":"","potentialAction":[{"@type":"SearchAction","target":{"@type":"EntryPoint","urlTemplate":"https:\/\/www.tuni.fi\/norssi\/?s={search_term_string}"},"query-input":{"@type":"PropertyValueSpecification","valueRequired":true,"valueName":"search_term_string"}}],"inLanguage":"fi"}]}},"_links":{"self":[{"href":"https:\/\/www.tuni.fi\/norssi\/wp-json\/wp\/v2\/pages\/12537","targetHints":{"allow":["GET"]}}],"collection":[{"href":"https:\/\/www.tuni.fi\/norssi\/wp-json\/wp\/v2\/pages"}],"about":[{"href":"https:\/\/www.tuni.fi\/norssi\/wp-json\/wp\/v2\/types\/page"}],"author":[{"embeddable":true,"href":"https:\/\/www.tuni.fi\/norssi\/wp-json\/wp\/v2\/users\/23"}],"replies":[{"embeddable":true,"href":"https:\/\/www.tuni.fi\/norssi\/wp-json\/wp\/v2\/comments?post=12537"}],"version-history":[{"count":11,"href":"https:\/\/www.tuni.fi\/norssi\/wp-json\/wp\/v2\/pages\/12537\/revisions"}],"predecessor-version":[{"id":15609,"href":"https:\/\/www.tuni.fi\/norssi\/wp-json\/wp\/v2\/pages\/12537\/revisions\/15609"}],"wp:attachment":[{"href":"https:\/\/www.tuni.fi\/norssi\/wp-json\/wp\/v2\/media?parent=12537"}],"curies":[{"name":"wp","href":"https:\/\/api.w.org\/{rel}","templated":true}]}}